{"id":32,"date":"2025-07-10T09:56:04","date_gmt":"2025-07-10T09:56:04","guid":{"rendered":"https:\/\/viktoria-eis.de\/?page_id=32"},"modified":"2025-07-12T14:07:02","modified_gmt":"2025-07-12T14:07:02","slug":"eiscafe-viktoria","status":"publish","type":"page","link":"https:\/\/viktoria-eis.de\/","title":{"rendered":"Eiscaf\u00e9 Viktoria"},"content":{"rendered":"<div id=\"pl-32\"  class=\"panel-layout\" ><div id=\"pg-32-0\"  class=\"panel-grid panel-no-style\" ><div id=\"pgc-32-0-0\"  class=\"panel-grid-cell\" ><div id=\"panel-32-0-0-0\" class=\"so-panel widget widget_sow-editor panel-first-child panel-last-child\" data-index=\"0\" ><div\n\t\t\t\n\t\t\tclass=\"so-widget-sow-editor so-widget-sow-editor-base\"\n\t\t\t\n\t\t>\n<div class=\"siteorigin-widget-tinymce textwidget\">\n\t<h1>Willkommen in unserem Eiscaf\u00e9 in Berlin-Sch\u00f6neberg!<\/h1>\n<p data-start=\"312\" data-end=\"479\"><span style=\"font-size: 16px;\">Unser Eiscaf\u00e9 liegt in der Motzstra\u00dfe, nur wenige Schritte westlich vom Viktoria-Luise-Platz. Im Sommer l\u00e4dt unsere sonnige Terrasse zum Entspannen und Genie\u00dfen ein.<\/span><\/p>\n<p data-start=\"481\" data-end=\"762\"><span style=\"font-size: 16px;\">Wir bieten Ihnen nicht nur k\u00f6stliche Eisspezialit\u00e4ten, sondern auch eine gro\u00dfe Auswahl an hei\u00dfen und kalten Snacks \u2013 herzhaft oder s\u00fc\u00df, ganz nach Ihrem Geschmack. Bereits ab 7:00 Uhr k\u00f6nnen Sie bei uns gem\u00fctlich fr\u00fchst\u00fccken oder Ihr Fr\u00fchst\u00fcck sowie Ihren Kaffee bequem mitnehmen.<\/span><\/p>\n<p data-start=\"764\" data-end=\"929\"><span style=\"font-size: 16px;\">F\u00fcr eine entspannte Auszeit stehen Ihnen aktuelle Zeitungen und Illustrierte zur Verf\u00fcgung. Au\u00dferdem nutzen Sie bei uns kostenloses WLAN w\u00e4hrend Ihres Aufenthalts.<\/span><\/p>\n<p data-start=\"931\" data-end=\"985\"><span style=\"font-size: 16px;\">Wir freuen uns darauf, Sie bei uns begr\u00fc\u00dfen zu d\u00fcrfen!<\/span><\/p>\n<\/div>\n<\/div><\/div><\/div><div id=\"pgc-32-0-1\"  class=\"panel-grid-cell\" ><div id=\"panel-32-0-1-0\" class=\"so-panel widget widget_siteorigin-panels-builder panel-first-child panel-last-child\" data-index=\"1\" ><div id=\"pl-w68723d31c2268\"  class=\"panel-layout\" ><div id=\"pg-w68723d31c2268-0\"  class=\"panel-grid panel-no-style\" ><div id=\"pgc-w68723d31c2268-0-0\"  class=\"panel-grid-cell\" ><div id=\"panel-w68723d31c2268-0-0-0\" class=\"widget_text so-panel widget widget_custom_html panel-first-child panel-last-child\" data-index=\"0\" ><div class=\"textwidget custom-html-widget\">&nbsp; <br>\n&nbsp; \n<\/div><\/div><\/div><\/div><div id=\"pg-w68723d31c2268-1\"  class=\"panel-grid panel-no-style\" ><div id=\"pgc-w68723d31c2268-1-0\"  class=\"panel-grid-cell\" ><div id=\"panel-w68723d31c2268-1-0-0\" class=\"so-panel widget widget_sow-slider panel-first-child panel-last-child\" data-index=\"1\" ><div\n\t\t\t\n\t\t\tclass=\"so-widget-sow-slider so-widget-sow-slider-default-6d39609536fd\"\n\t\t\t\n\t\t>\t\t\t\t<div class=\"sow-slider-base\" style=\"display: none\" tabindex=\"0\">\n\t\t\t\t\t<ul\n\t\t\t\t\tclass=\"sow-slider-images\"\n\t\t\t\t\tdata-settings=\"{&quot;pagination&quot;:true,&quot;speed&quot;:400,&quot;timeout&quot;:8000,&quot;paused&quot;:false,&quot;pause_on_hover&quot;:false,&quot;swipe&quot;:true,&quot;nav_always_show_desktop&quot;:&quot;&quot;,&quot;nav_always_show_mobile&quot;:&quot;&quot;,&quot;breakpoint&quot;:&quot;780px&quot;,&quot;unmute&quot;:false,&quot;anchor&quot;:null}\"\n\t\t\t\t\t\t\t\t\t\tdata-anchor-id=\"\"\n\t\t\t\t>\t\t<li class=\"sow-slider-image\" style=\"visibility: visible;\" >\n\t\t\t\t\t\t<img loading=\"lazy\" decoding=\"async\" width=\"2048\" height=\"968\" src=\"https:\/\/viktoria-eis.de\/wp-content\/uploads\/2025\/07\/aussen_fuer_slider.jpg\" class=\"sow-slider-background-image\" alt=\"\" style=\"\" srcset=\"https:\/\/viktoria-eis.de\/wp-content\/uploads\/2025\/07\/aussen_fuer_slider.jpg 2048w, https:\/\/viktoria-eis.de\/wp-content\/uploads\/2025\/07\/aussen_fuer_slider-300x142.jpg 300w, https:\/\/viktoria-eis.de\/wp-content\/uploads\/2025\/07\/aussen_fuer_slider-1024x484.jpg 1024w, https:\/\/viktoria-eis.de\/wp-content\/uploads\/2025\/07\/aussen_fuer_slider-768x363.jpg 768w, https:\/\/viktoria-eis.de\/wp-content\/uploads\/2025\/07\/aussen_fuer_slider-1536x726.jpg 1536w\" sizes=\"auto, (max-width: 2048px) 100vw, 2048px\" \/>\t\t<\/li>\n\t\t<\/ul>\t\t\t\t<ol class=\"sow-slider-pagination\">\n\t\t\t\t\t\t\t\t\t\t\t<li><a href=\"#\" data-goto=\"0\" aria-label=\"Display slide 1\"><\/a><\/li>\n\t\t\t\t\t\t\t\t\t<\/ol>\n\n\t\t\t\t<div class=\"sow-slide-nav sow-slide-nav-next\">\n\t\t\t\t\t<a href=\"#\" data-goto=\"next\" aria-label=\"Next slide\" data-action=\"next\">\n\t\t\t\t\t\t<em class=\"sow-sld-icon-thin-right\"><\/em>\n\t\t\t\t\t<\/a>\n\t\t\t\t<\/div>\n\n\t\t\t\t<div class=\"sow-slide-nav sow-slide-nav-prev\">\n\t\t\t\t\t<a href=\"#\" data-goto=\"previous\" aria-label=\"Previous slide\" data-action=\"prev\">\n\t\t\t\t\t\t<em class=\"sow-sld-icon-thin-left\"><\/em>\n\t\t\t\t\t<\/a>\n\t\t\t\t<\/div>\n\t\t\t\t<\/div><\/div><\/div><\/div><\/div><\/div><\/div><\/div><\/div><div id=\"pg-32-1\"  class=\"panel-grid panel-has-style\" ><div class=\"panel-row-style panel-row-style-for-32-1\" ><div id=\"pgc-32-1-0\"  class=\"panel-grid-cell\" ><div id=\"panel-32-1-0-0\" class=\"so-panel widget widget_sow-google-map panel-first-child panel-last-child\" data-index=\"2\" ><div\n\t\t\t\n\t\t\tclass=\"so-widget-sow-google-map so-widget-sow-google-map-default-6b23895f316e-32\"\n\t\t\t\n\t\t>\n<div class=\"sow-google-map-canvas\"\n\tstyle=\"\"\n\tid=\"map-canvas-063c8ebb09e2fdecb2b0d85e0cde4f2d\"\n\tdata-options=\"{&quot;address&quot;:&quot;Motzstra\\u00dfe 58, 10777 Berlin, Deutschland&quot;,&quot;zoom&quot;:15,&quot;mobileZoom&quot;:17,&quot;gestureHandling&quot;:&quot;greedy&quot;,&quot;disableUi&quot;:&quot;&quot;,&quot;markerIcon&quot;:false,&quot;markersDraggable&quot;:false,&quot;markerAtCenter&quot;:true,&quot;markerInfoDisplay&quot;:&quot;click&quot;,&quot;markerInfoMultiple&quot;:true,&quot;markerPositions&quot;:false,&quot;mapName&quot;:&quot;Clean Cut&quot;,&quot;mapStyles&quot;:[{&quot;featureType&quot;:&quot;road&quot;,&quot;elementType&quot;:&quot;geometry&quot;,&quot;stylers&quot;:[{&quot;lightness&quot;:100},{&quot;visibility&quot;:&quot;simplified&quot;}]},{&quot;featureType&quot;:&quot;water&quot;,&quot;elementType&quot;:&quot;geometry&quot;,&quot;stylers&quot;:[{&quot;visibility&quot;:&quot;on&quot;},{&quot;color&quot;:&quot;#C6E2FF&quot;}]},{&quot;featureType&quot;:&quot;poi&quot;,&quot;elementType&quot;:&quot;geometry.fill&quot;,&quot;stylers&quot;:[{&quot;color&quot;:&quot;#C5E3BF&quot;}]},{&quot;featureType&quot;:&quot;road&quot;,&quot;elementType&quot;:&quot;geometry.fill&quot;,&quot;stylers&quot;:[{&quot;color&quot;:&quot;#D1D1B8&quot;}]}],&quot;directions&quot;:&quot;&quot;,&quot;apiKey&quot;:&quot;AIzaSyBmi5p8h67Ngdzt_WS87Ilz1y8UqEMHG0Q&quot;,&quot;breakpoint&quot;:780,&quot;center_user_location&quot;:false}\"\n\tdata-fallback-image=\"{&quot;img&quot;:&quot;&quot;}\"><\/div>\n<\/div><\/div><\/div><div id=\"pgc-32-1-1\"  class=\"panel-grid-cell\" ><div id=\"panel-32-1-1-0\" class=\"so-panel widget widget_sow-editor panel-first-child panel-last-child\" data-index=\"3\" ><div\n\t\t\t\n\t\t\tclass=\"so-widget-sow-editor so-widget-sow-editor-base\"\n\t\t\t\n\t\t><h3 class=\"widget-title\">Wo Sie uns finden<\/h3>\n<div class=\"siteorigin-widget-tinymce textwidget\">\n\t<p><span style=\"font-size: 16px;\">Unser Eiscaf\u00e9 befindet sich in der Motzstra\u00dfe 58<br \/>\nin 10777 Berlin - Sch\u00f6neberg<\/span><\/p>\n<p><span style=\"font-size: 16px;\">Sie erreichen uns mit der BVG-Linie U4 Haltestelle Viktoria-Luise-Platz<br \/>\nund der Buslinie M46 Haltestelle Motzstra\u00dfe.<\/span><\/p>\n<\/div>\n<\/div><\/div><\/div><\/div><\/div><div id=\"pg-32-2\"  class=\"panel-grid panel-no-style\" ><div id=\"pgc-32-2-0\"  class=\"panel-grid-cell\" ><div id=\"panel-32-2-0-0\" class=\"so-panel widget widget_sow-simple-masonry panel-first-child panel-last-child\" data-index=\"4\" ><div\n\t\t\t\n\t\t\tclass=\"so-widget-sow-simple-masonry so-widget-sow-simple-masonry-default-d75171398898-32\"\n\t\t\t data-overlay-enabled=\"1\" data-overlay-settings=\"{&quot;enabled_for_widgets&quot;:[&quot;sow-image&quot;,&quot;sow-image-grid&quot;,&quot;sow-simple-masonry&quot;],&quot;theme&quot;:&quot;&quot;,&quot;show_delay&quot;:300,&quot;overlay_color&quot;:&quot;#000000&quot;,&quot;overlay_opacity&quot;:0.8,&quot;overlay_position&quot;:&quot;bottom&quot;,&quot;overlay_size&quot;:0.3,&quot;desktop_show_trigger&quot;:&quot;hover&quot;,&quot;touch_show_trigger&quot;:&quot;touch&quot;,&quot;responsive_breakpoint&quot;:&quot;1024px&quot;,&quot;responsive_breakpoint_unit&quot;:&quot;px&quot;,&quot;overlay_animation&quot;:&quot;fade&quot;,&quot;overlay_animation_onscreen&quot;:false,&quot;font_family&quot;:&quot;&quot;,&quot;text_size&quot;:&quot;15px&quot;,&quot;text_size_unit&quot;:&quot;px&quot;,&quot;text_color&quot;:&quot;#fff&quot;,&quot;text_padding&quot;:&quot;22px 22px 22px 22px&quot;,&quot;text_position&quot;:&quot;middle&quot;,&quot;text_align&quot;:&quot;left&quot;,&quot;text_animation&quot;:&quot;&quot;}\"\n\t\t>\n\n<div class=\"sow-masonry-grid\"\n\tdata-layouts=\"{&quot;desktop&quot;:{&quot;numColumns&quot;:4,&quot;rowHeight&quot;:0,&quot;gutter&quot;:0},&quot;tablet&quot;:{&quot;breakPoint&quot;:768,&quot;numColumns&quot;:2,&quot;rowHeight&quot;:0,&quot;gutter&quot;:0},&quot;mobile&quot;:{&quot;breakPoint&quot;:480,&quot;numColumns&quot;:1,&quot;rowHeight&quot;:0,&quot;gutter&quot;:0}}\" data-layout-origin-left=\"true\" >\n\t\t\t\t<div class=\"sow-masonry-grid-item\" data-col-span=\"2\"\n\t\t\t\tdata-row-span=\"2\">\n\t\t\t\t\n\t\t\t\t\n\t\t\t\t<img loading=\"lazy\" decoding=\"async\" width=\"1179\" height=\"1159\" src=\"https:\/\/viktoria-eis.de\/wp-content\/uploads\/2025\/07\/IMG_2036.jpg\" class=\"sow-masonry-grid-image\" alt=\"\" title=\"\" srcset=\"https:\/\/viktoria-eis.de\/wp-content\/uploads\/2025\/07\/IMG_2036.jpg 1179w, https:\/\/viktoria-eis.de\/wp-content\/uploads\/2025\/07\/IMG_2036-300x295.jpg 300w, https:\/\/viktoria-eis.de\/wp-content\/uploads\/2025\/07\/IMG_2036-1024x1007.jpg 1024w, https:\/\/viktoria-eis.de\/wp-content\/uploads\/2025\/07\/IMG_2036-768x755.jpg 768w\" sizes=\"auto, (max-width: 1179px) 100vw, 1179px\" \/>\n\t\t\t\t\n\t\t\t\t\t\t\t<\/div>\n\t\t\t\t\t\t<div class=\"sow-masonry-grid-item\" data-col-span=\"1\"\n\t\t\t\tdata-row-span=\"1\">\n\t\t\t\t\n\t\t\t\t\n\t\t\t\t<img loading=\"lazy\" decoding=\"async\" width=\"1179\" height=\"1169\" src=\"https:\/\/viktoria-eis.de\/wp-content\/uploads\/2025\/07\/IMG_2038.jpg\" class=\"sow-masonry-grid-image\" alt=\"\" title=\"\" srcset=\"https:\/\/viktoria-eis.de\/wp-content\/uploads\/2025\/07\/IMG_2038.jpg 1179w, https:\/\/viktoria-eis.de\/wp-content\/uploads\/2025\/07\/IMG_2038-300x297.jpg 300w, https:\/\/viktoria-eis.de\/wp-content\/uploads\/2025\/07\/IMG_2038-1024x1015.jpg 1024w, https:\/\/viktoria-eis.de\/wp-content\/uploads\/2025\/07\/IMG_2038-150x150.jpg 150w, https:\/\/viktoria-eis.de\/wp-content\/uploads\/2025\/07\/IMG_2038-768x761.jpg 768w\" sizes=\"auto, (max-width: 1179px) 100vw, 1179px\" \/>\n\t\t\t\t\n\t\t\t\t\t\t\t<\/div>\n\t\t\t\t\t\t<div class=\"sow-masonry-grid-item\" data-col-span=\"1\"\n\t\t\t\tdata-row-span=\"2\">\n\t\t\t\t\n\t\t\t\t\n\t\t\t\t<img loading=\"lazy\" decoding=\"async\" width=\"1179\" height=\"1447\" src=\"https:\/\/viktoria-eis.de\/wp-content\/uploads\/2025\/07\/IMG_2037.jpg\" class=\"sow-masonry-grid-image\" alt=\"\" title=\"\" srcset=\"https:\/\/viktoria-eis.de\/wp-content\/uploads\/2025\/07\/IMG_2037.jpg 1179w, https:\/\/viktoria-eis.de\/wp-content\/uploads\/2025\/07\/IMG_2037-244x300.jpg 244w, https:\/\/viktoria-eis.de\/wp-content\/uploads\/2025\/07\/IMG_2037-834x1024.jpg 834w, https:\/\/viktoria-eis.de\/wp-content\/uploads\/2025\/07\/IMG_2037-768x943.jpg 768w\" sizes=\"auto, (max-width: 1179px) 100vw, 1179px\" \/>\n\t\t\t\t\n\t\t\t\t\t\t\t<\/div>\n\t\t\t\t\t\t<div class=\"sow-masonry-grid-item\" data-col-span=\"1\"\n\t\t\t\tdata-row-span=\"1\">\n\t\t\t\t\n\t\t\t\t\n\t\t\t\t<img loading=\"lazy\" decoding=\"async\" width=\"1179\" height=\"1169\" src=\"https:\/\/viktoria-eis.de\/wp-content\/uploads\/2025\/07\/IMG_2039.jpg\" class=\"sow-masonry-grid-image\" alt=\"\" title=\"\" srcset=\"https:\/\/viktoria-eis.de\/wp-content\/uploads\/2025\/07\/IMG_2039.jpg 1179w, https:\/\/viktoria-eis.de\/wp-content\/uploads\/2025\/07\/IMG_2039-300x297.jpg 300w, https:\/\/viktoria-eis.de\/wp-content\/uploads\/2025\/07\/IMG_2039-1024x1015.jpg 1024w, https:\/\/viktoria-eis.de\/wp-content\/uploads\/2025\/07\/IMG_2039-150x150.jpg 150w, https:\/\/viktoria-eis.de\/wp-content\/uploads\/2025\/07\/IMG_2039-768x761.jpg 768w\" sizes=\"auto, (max-width: 1179px) 100vw, 1179px\" \/>\n\t\t\t\t\n\t\t\t\t\t\t\t<\/div>\n\t\t\t\t\t\t<div class=\"sow-masonry-grid-item\" data-col-span=\"2\"\n\t\t\t\tdata-row-span=\"1\">\n\t\t\t\t\n\t\t\t\t\n\t\t\t\t<img loading=\"lazy\" decoding=\"async\" width=\"1179\" height=\"1146\" src=\"https:\/\/viktoria-eis.de\/wp-content\/uploads\/2025\/07\/IMG_2041.jpg\" class=\"sow-masonry-grid-image\" alt=\"\" title=\"\" srcset=\"https:\/\/viktoria-eis.de\/wp-content\/uploads\/2025\/07\/IMG_2041.jpg 1179w, https:\/\/viktoria-eis.de\/wp-content\/uploads\/2025\/07\/IMG_2041-300x292.jpg 300w, https:\/\/viktoria-eis.de\/wp-content\/uploads\/2025\/07\/IMG_2041-1024x995.jpg 1024w, https:\/\/viktoria-eis.de\/wp-content\/uploads\/2025\/07\/IMG_2041-768x747.jpg 768w\" sizes=\"auto, (max-width: 1179px) 100vw, 1179px\" \/>\n\t\t\t\t\n\t\t\t\t\t\t\t<\/div>\n\t\t\t\t\t\t<div class=\"sow-masonry-grid-item\" data-col-span=\"1\"\n\t\t\t\tdata-row-span=\"1\">\n\t\t\t\t\n\t\t\t\t\n\t\t\t\t<img loading=\"lazy\" decoding=\"async\" width=\"1179\" height=\"1449\" src=\"https:\/\/viktoria-eis.de\/wp-content\/uploads\/2025\/07\/IMG_2040.jpg\" class=\"sow-masonry-grid-image\" alt=\"\" title=\"\" srcset=\"https:\/\/viktoria-eis.de\/wp-content\/uploads\/2025\/07\/IMG_2040.jpg 1179w, https:\/\/viktoria-eis.de\/wp-content\/uploads\/2025\/07\/IMG_2040-244x300.jpg 244w, https:\/\/viktoria-eis.de\/wp-content\/uploads\/2025\/07\/IMG_2040-833x1024.jpg 833w, https:\/\/viktoria-eis.de\/wp-content\/uploads\/2025\/07\/IMG_2040-768x944.jpg 768w\" sizes=\"auto, (max-width: 1179px) 100vw, 1179px\" \/>\n\t\t\t\t\n\t\t\t\t\t\t\t<\/div>\n\t\t\t\t\t\t<div class=\"sow-masonry-grid-item\" data-col-span=\"1\"\n\t\t\t\tdata-row-span=\"1\">\n\t\t\t\t\n\t\t\t\t\n\t\t\t\t<img loading=\"lazy\" decoding=\"async\" width=\"765\" height=\"1020\" src=\"https:\/\/viktoria-eis.de\/wp-content\/uploads\/2025\/07\/aussen_abend.jpg\" class=\"sow-masonry-grid-image\" alt=\"\" title=\"\" srcset=\"https:\/\/viktoria-eis.de\/wp-content\/uploads\/2025\/07\/aussen_abend.jpg 765w, https:\/\/viktoria-eis.de\/wp-content\/uploads\/2025\/07\/aussen_abend-225x300.jpg 225w\" sizes=\"auto, (max-width: 765px) 100vw, 765px\" \/>\n\t\t\t\t\n\t\t\t\t\t\t\t<\/div>\n\t\t\t\n<\/div>\n<\/div><\/div><\/div><\/div><\/div>","protected":false},"excerpt":{"rendered":"<p>Willkommen in unserem Eiscaf\u00e9 in Berlin-Sch\u00f6neberg! Unser Eiscaf\u00e9 liegt in der Motzstra\u00dfe, nur wenige Schritte westlich vom Viktoria-Luise-Platz. Im Sommer l\u00e4dt unsere sonnige Terrasse zum Entspannen und Genie\u00dfen ein. Wir bieten Ihnen nicht nur k\u00f6stliche Eisspezialit\u00e4ten, sondern auch eine gro\u00dfe &hellip; <a class=\"kt-excerpt-readmore\" href=\"https:\/\/viktoria-eis.de\/\" aria-label=\"Eiscaf\u00e9 Viktoria\">Read More<\/a><\/p>\n","protected":false},"author":1,"featured_media":0,"parent":0,"menu_order":0,"comment_status":"closed","ping_status":"closed","template":"page-fullwidth.php","meta":{"kt_blocks_editor_width":"","footnotes":""},"class_list":["post-32","page","type-page","status-publish","hentry"],"_links":{"self":[{"href":"https:\/\/viktoria-eis.de\/index.php?rest_route=\/wp\/v2\/pages\/32","targetHints":{"allow":["GET"]}}],"collection":[{"href":"https:\/\/viktoria-eis.de\/index.php?rest_route=\/wp\/v2\/pages"}],"about":[{"href":"https:\/\/viktoria-eis.de\/index.php?rest_route=\/wp\/v2\/types\/page"}],"author":[{"embeddable":true,"href":"https:\/\/viktoria-eis.de\/index.php?rest_route=\/wp\/v2\/users\/1"}],"replies":[{"embeddable":true,"href":"https:\/\/viktoria-eis.de\/index.php?rest_route=%2Fwp%2Fv2%2Fcomments&post=32"}],"version-history":[{"count":47,"href":"https:\/\/viktoria-eis.de\/index.php?rest_route=\/wp\/v2\/pages\/32\/revisions"}],"predecessor-version":[{"id":52,"href":"https:\/\/viktoria-eis.de\/index.php?rest_route=\/wp\/v2\/pages\/32\/revisions\/52"}],"wp:attachment":[{"href":"https:\/\/viktoria-eis.de\/index.php?rest_route=%2Fwp%2Fv2%2Fmedia&parent=32"}],"curies":[{"name":"wp","href":"https:\/\/api.w.org\/{rel}","templated":true}]}}